{"id":627,"date":"2017-04-27T14:02:29","date_gmt":"2017-04-27T12:02:29","guid":{"rendered":"http:\/\/zdravepoostrave.cz\/?page_id=627"},"modified":"2017-04-27T14:08:11","modified_gmt":"2017-04-27T12:08:11","slug":"kalendar","status":"publish","type":"page","link":"https:\/\/zdravepoostrave.cz\/?page_id=627","title":{"rendered":"Kalend\u00e1\u0159"},"content":{"rendered":"<p>V\u00e1\u017een\u00ed n\u00e1v\u0161t\u011bvn\u00edci,<\/p>\n<p>v sou\u010dasn\u00e9 dob\u011b nen\u00ed v r\u00e1mci projektu pl\u00e1nov\u00e1na \u017e\u00e1dn\u00e1 akce, na kter\u00e9 bychom prezentovali n\u00e1\u0161\u00a0\u010cist\u00fd are\u00e1l. Rovn\u011b\u017e neprob\u00edh\u00e1 \u017e\u00e1dn\u00e1 z akc\u00ed Nech auto doma.<\/p>\n<p>P\u0159ehled akc\u00ed, kter\u00e9 se v r\u00e1mci projektu Zdrav\u011b po Ostrav\u011b konaly, naleznete v rubrik\u00e1ch <a href=\"http:\/\/zdravepoostrave.cz\/?cat=9\">\u010cist\u00fd are\u00e1l<\/a> a <a href=\"http:\/\/zdravepoostrave.cz\/?cat=13\">Nech auto doma<\/a>.<\/p>\n<p>&nbsp;<\/p>\n<p style=\"text-align: left;\">D\u011bkujeme za Va\u0161i p\u0159\u00edze\u0148<\/p>\n<p style=\"text-align: left;\">T\u00fdm projektu Zdrav\u011b po Ostrav\u011b<\/p>\n","protected":false},"excerpt":{"rendered":"<p>V\u00e1\u017een\u00ed n\u00e1v\u0161t\u011bvn\u00edci, v sou\u010dasn\u00e9 dob\u011b nen\u00ed v r\u00e1mci projektu pl\u00e1nov\u00e1na \u017e\u00e1dn\u00e1 akce, na kter\u00e9 bychom&#8230;<\/p>\n<div class=\"more-link-wrapper\"><a class=\"more-link\" href=\"https:\/\/zdravepoostrave.cz\/?page_id=627\">\u010c\u00edst cel\u00fd \u010dl\u00e1nek<span class=\"screen-reader-text\">Kalend\u00e1\u0159<\/span><\/a><\/div>\n","protected":false},"author":4,"featured_media":0,"parent":0,"menu_order":0,"comment_status":"closed","ping_status":"closed","template":"","meta":{"_acf_changed":false,"footnotes":""},"class_list":["post-627","page","type-page","status-publish","hentry","excerpt","zoom","full-without-featured","even","excerpt-0"],"acf":[],"_links":{"self":[{"href":"https:\/\/zdravepoostrave.cz\/index.php?rest_route=\/wp\/v2\/pages\/627","targetHints":{"allow":["GET"]}}],"collection":[{"href":"https:\/\/zdravepoostrave.cz\/index.php?rest_route=\/wp\/v2\/pages"}],"about":[{"href":"https:\/\/zdravepoostrave.cz\/index.php?rest_route=\/wp\/v2\/types\/page"}],"author":[{"embeddable":true,"href":"https:\/\/zdravepoostrave.cz\/index.php?rest_route=\/wp\/v2\/users\/4"}],"replies":[{"embeddable":true,"href":"https:\/\/zdravepoostrave.cz\/index.php?rest_route=%2Fwp%2Fv2%2Fcomments&post=627"}],"version-history":[{"count":4,"href":"https:\/\/zdravepoostrave.cz\/index.php?rest_route=\/wp\/v2\/pages\/627\/revisions"}],"predecessor-version":[{"id":632,"href":"https:\/\/zdravepoostrave.cz\/index.php?rest_route=\/wp\/v2\/pages\/627\/revisions\/632"}],"wp:attachment":[{"href":"https:\/\/zdravepoostrave.cz\/index.php?rest_route=%2Fwp%2Fv2%2Fmedia&parent=627"}],"curies":[{"name":"wp","href":"https:\/\/api.w.org\/{rel}","templated":true}]}}